{"id":137,"date":"2025-11-03T10:19:32","date_gmt":"2025-11-03T10:19:32","guid":{"rendered":"https:\/\/wp.ravextheme.com\/archidex\/?page_id=137"},"modified":"2026-03-14T04:40:27","modified_gmt":"2026-03-14T01:40:27","slug":"proje-detay","status":"publish","type":"page","link":"https:\/\/mahal.com.tr\/index.php\/proje-detay\/","title":{"rendered":"Proje Detay"},"content":{"rendered":"\t\t<div data-elementor-type=\"wp-page\" data-elementor-id=\"137\" class=\"elementor elementor-137\" data-elementor-post-type=\"page\">\n\t\t\t\t<div class=\"elementor-element elementor-element-a153f06 e-con-full container rr-container-1650 e-flex e-con e-parent\" data-id=\"a153f06\" data-element_type=\"container\" data-e-type=\"container\">\n\t\t<div class=\"elementor-element elementor-element-779d9f9 e-flex e-con-boxed e-con e-child\" data-id=\"779d9f9\" data-element_type=\"container\" data-e-type=\"container\">\n\t\t\t\t\t<div class=\"e-con-inner\">\n\t\t<div class=\"elementor-element elementor-element-0f0c77b e-con-full e-flex e-con e-child\" data-id=\"0f0c77b\" data-element_type=\"container\" data-e-type=\"container\">\n\t\t\t\t<div class=\"elementor-element elementor-element-b952298 elementor-widget elementor-widget-heading\" data-id=\"b952298\" data-element_type=\"widget\" data-e-type=\"widget\" data-widget_type=\"heading.default\">\n\t\t\t\t\t<h6 class=\"elementor-heading-title elementor-size-default\">Basit ama en iyi \u00e7al\u0131\u015fmalar\u0131m\u0131z\u0131 g\u00f6steriyor.<\/h6>\t\t\t\t<\/div>\n\t\t\t\t<div class=\"elementor-element elementor-element-f330828 elementor-widget elementor-widget-archidex_heading\" data-id=\"f330828\" data-element_type=\"widget\" data-e-type=\"widget\" data-widget_type=\"archidex_heading.default\">\n\t\t\t\t<div class=\"elementor-widget-container\">\n\t\t\t\t\t\r\n\t\t\t\r\n\t\t\t\t<h2 class=\"archidex-el-section-title\"><span>\u015eehirsel<\/span> D\u00f6n\u00fc\u015f\u00fcm<\/h2>\t\t\t\r\n\t\t\t\t\t\t\r\n\t\t\t\t\t\t<\/div>\n\t\t\t\t<\/div>\n\t\t\t\t<\/div>\n\t\t<div class=\"elementor-element elementor-element-5472dcf e-con-full e-flex e-con e-child\" data-id=\"5472dcf\" data-element_type=\"container\" data-e-type=\"container\">\n\t\t\t\t<div class=\"elementor-element elementor-element-fadd1a3 elementor-widget elementor-widget-heading\" data-id=\"fadd1a3\" data-element_type=\"widget\" data-e-type=\"widget\" data-widget_type=\"heading.default\">\n\t\t\t\t\t<h6 class=\"elementor-heading-title elementor-size-default\">Developed by - Architex<\/h6>\t\t\t\t<\/div>\n\t\t\t\t<div class=\"elementor-element elementor-element-5287cd7 elementor-widget elementor-widget-heading\" data-id=\"5287cd7\" data-element_type=\"widget\" data-e-type=\"widget\" data-widget_type=\"heading.default\">\n\t\t\t\t\t<span class=\"elementor-heading-title elementor-size-default\">2023<\/span>\t\t\t\t<\/div>\n\t\t\t\t<\/div>\n\t\t\t\t\t<\/div>\n\t\t\t\t<\/div>\n\t\t<div class=\"elementor-element elementor-element-c30d5e0 e-con-full e-flex e-con e-child\" data-id=\"c30d5e0\" data-element_type=\"container\" data-e-type=\"container\">\n\t\t\t\t<div class=\"elementor-element elementor-element-4ffea17 elementor-widget elementor-widget-image\" data-id=\"4ffea17\" data-element_type=\"widget\" data-e-type=\"widget\" data-widget_type=\"image.default\">\n\t\t\t\t\t\t\t\t\t\t\t\t\t\t\t<img fetchpriority=\"high\" decoding=\"async\" width=\"1600\" height=\"909\" src=\"https:\/\/mahal.com.tr\/wp-content\/uploads\/2026\/03\/gallery-47.jpg\" class=\"attachment-full size-full wp-image-4475\" alt=\"\" \/>\t\t\t\t\t\t\t\t\t\t\t\t\t\t\t<\/div>\n\t\t\t\t<\/div>\n\t\t\t\t<\/div>\n\t\t<div class=\"elementor-element elementor-element-e222256 e-con-full e-flex e-con e-parent\" data-id=\"e222256\" data-element_type=\"container\" data-e-type=\"container\">\n\t\t\t\t<div class=\"elementor-element elementor-element-7846877 elementor-widget elementor-widget-archidex_parallax_image\" data-id=\"7846877\" data-element_type=\"widget\" data-e-type=\"widget\" data-widget_type=\"archidex_parallax_image.default\">\n\t\t\t\t<div class=\"elementor-widget-container\">\n\t\t\t\t\t\r\n\t\t\t\r\n\t\t\t\t<div class=\"expertise__media rr-ov-hidden\">\r\n\t\t\t\t\t<img decoding=\"async\" data-speed=\"0.3\" src=\"https:\/\/mahal.com.tr\/wp-content\/uploads\/2025\/11\/project-4.jpg\" alt=\"\">\r\n\t\t\t\t<\/div>\r\n\r\n\t\t\t\r\n\t\t\t\t\t\t<\/div>\n\t\t\t\t<\/div>\n\t\t\t\t<\/div>\n\t\t<div class=\"elementor-element elementor-element-d4d18f9 e-con-full container rr-container-1650 e-flex e-con e-parent\" data-id=\"d4d18f9\" data-element_type=\"container\" data-e-type=\"container\">\n\t\t<div class=\"elementor-element elementor-element-ff499c5 e-con-full e-flex e-con e-child\" data-id=\"ff499c5\" data-element_type=\"container\" data-e-type=\"container\">\n\t\t<div class=\"elementor-element elementor-element-31c397b e-flex e-con-boxed e-con e-child\" data-id=\"31c397b\" data-element_type=\"container\" data-e-type=\"container\">\n\t\t\t\t\t<div class=\"e-con-inner\">\n\t\t<div class=\"elementor-element elementor-element-31a431b e-flex e-con-boxed e-con e-child\" data-id=\"31a431b\" data-element_type=\"container\" data-e-type=\"container\">\n\t\t\t\t\t<div class=\"e-con-inner\">\n\t\t\t\t<div class=\"elementor-element elementor-element-6b7d4cb elementor-widget__width-initial elementor-widget elementor-widget-archidex_heading\" data-id=\"6b7d4cb\" data-element_type=\"widget\" data-e-type=\"widget\" data-widget_type=\"archidex_heading.default\">\n\t\t\t\t<div class=\"elementor-widget-container\">\n\t\t\t\t\t\r\n\t\t\t\r\n\t\t\t\t<h3 class=\"archidex-el-section-title\">Her projenin sorunsuz bir \u015fekilde y\u00fcr\u00fct\u00fclmesini ve nihai yap\u0131n\u0131n ortak hedeflerimizin \u00e7ok \u00f6tesinde bir sonu\u00e7 vermesini sa\u011flamak i\u00e7in in\u015faat\u00e7\u0131lar ve di\u011fer ortaklarla yak\u0131n bir \u015fekilde \u00e7al\u0131\u015f\u0131yoruz. Onlar\u0131n <span>vizyonu, yenilik\u00e7i tasar\u0131m<\/span>, s\u00fcrd\u00fcr\u00fclebilirlik ve dinamik i\u015fletmelerin ihtiya\u00e7lar\u0131na g\u00f6re uyarlanm\u0131\u015f \u00fcst d\u00fczey tesisleri i\u00e7eriyordu.<\/h3>\t\t\t\r\n\t\t\t\t\t\t\r\n\t\t\t\t\t\t<\/div>\n\t\t\t\t<\/div>\n\t\t\t\t<div class=\"elementor-element elementor-element-4cb93bd elementor-widget elementor-widget-heading\" data-id=\"4cb93bd\" data-element_type=\"widget\" data-e-type=\"widget\" data-widget_type=\"heading.default\">\n\t\t\t\t\t<h6 class=\"elementor-heading-title elementor-size-default\">Information<\/h6>\t\t\t\t<\/div>\n\t\t\t\t\t<\/div>\n\t\t\t\t<\/div>\n\t\t<div class=\"elementor-element elementor-element-179fb47 e-con-full e-flex e-con e-child\" data-id=\"179fb47\" data-element_type=\"container\" data-e-type=\"container\">\n\t\t<div class=\"elementor-element elementor-element-d34bbb7 e-con-full e-flex e-con e-child\" data-id=\"d34bbb7\" data-element_type=\"container\" data-e-type=\"container\">\n\t\t\t\t<div class=\"elementor-element elementor-element-f26dbd2 elementor-widget elementor-widget-archidex_parallax_image\" data-id=\"f26dbd2\" data-element_type=\"widget\" data-e-type=\"widget\" data-widget_type=\"archidex_parallax_image.default\">\n\t\t\t\t<div class=\"elementor-widget-container\">\n\t\t\t\t\t\r\n\t\t\t\r\n\t\t\t\t<div class=\"expertise__media rr-ov-hidden\">\r\n\t\t\t\t\t<img decoding=\"async\" data-speed=\"0.3\" src=\"https:\/\/mahal.com.tr\/wp-content\/uploads\/2025\/11\/project-5.jpg\" alt=\"\">\r\n\t\t\t\t<\/div>\r\n\r\n\t\t\t\r\n\t\t\t\t\t\t<\/div>\n\t\t\t\t<\/div>\n\t\t\t\t<\/div>\n\t\t<div class=\"elementor-element elementor-element-1b781ef e-con-full e-flex e-con e-child\" data-id=\"1b781ef\" data-element_type=\"container\" data-e-type=\"container\">\n\t\t<div class=\"elementor-element elementor-element-45d3938 e-con-full e-flex e-con e-child\" data-id=\"45d3938\" data-element_type=\"container\" data-e-type=\"container\">\n\t\t\t\t<div class=\"elementor-element elementor-element-6725c8b elementor-widget elementor-widget-icon-box\" data-id=\"6725c8b\" data-element_type=\"widget\" data-e-type=\"widget\" data-widget_type=\"icon-box.default\">\n\t\t\t\t\t\t\t<div class=\"elementor-icon-box-wrapper\">\n\n\t\t\t\n\t\t\t\t\t\t<div class=\"elementor-icon-box-content\">\n\n\t\t\t\t\t\t\t\t\t<h6 class=\"elementor-icon-box-title\">\n\t\t\t\t\t\t<span  >\n\t\t\t\t\t\t\tM\u00fc\u015fteri:\t\t\t\t\t\t<\/span>\n\t\t\t\t\t<\/h6>\n\t\t\t\t\n\t\t\t\t\t\t\t\t\t<p class=\"elementor-icon-box-description\">\n\t\t\t\t\t\tY\u0131ld\u0131zlar\u0131n Geli\u015fimi\t\t\t\t\t<\/p>\n\t\t\t\t\n\t\t\t<\/div>\n\t\t\t\n\t\t<\/div>\n\t\t\t\t\t\t<\/div>\n\t\t\t\t<div class=\"elementor-element elementor-element-2c81dbf elementor-widget elementor-widget-icon-box\" data-id=\"2c81dbf\" data-element_type=\"widget\" data-e-type=\"widget\" data-widget_type=\"icon-box.default\">\n\t\t\t\t\t\t\t<div class=\"elementor-icon-box-wrapper\">\n\n\t\t\t\n\t\t\t\t\t\t<div class=\"elementor-icon-box-content\">\n\n\t\t\t\t\t\t\t\t\t<h6 class=\"elementor-icon-box-title\">\n\t\t\t\t\t\t<span  >\n\t\t\t\t\t\t\tT\u00fcr:\t\t\t\t\t\t<\/span>\n\t\t\t\t\t<\/h6>\n\t\t\t\t\n\t\t\t\t\t\t\t\t\t<p class=\"elementor-icon-box-description\">\n\t\t\t\t\t\tKonut\t\t\t\t\t<\/p>\n\t\t\t\t\n\t\t\t<\/div>\n\t\t\t\n\t\t<\/div>\n\t\t\t\t\t\t<\/div>\n\t\t\t\t<div class=\"elementor-element elementor-element-ec39c08 elementor-widget elementor-widget-icon-box\" data-id=\"ec39c08\" data-element_type=\"widget\" data-e-type=\"widget\" data-widget_type=\"icon-box.default\">\n\t\t\t\t\t\t\t<div class=\"elementor-icon-box-wrapper\">\n\n\t\t\t\n\t\t\t\t\t\t<div class=\"elementor-icon-box-content\">\n\n\t\t\t\t\t\t\t\t\t<h6 class=\"elementor-icon-box-title\">\n\t\t\t\t\t\t<span  >\n\t\t\t\t\t\t\tY\u0131l:\t\t\t\t\t\t<\/span>\n\t\t\t\t\t<\/h6>\n\t\t\t\t\n\t\t\t\t\t\t\t\t\t<p class=\"elementor-icon-box-description\">\n\t\t\t\t\t\t2023\t\t\t\t\t<\/p>\n\t\t\t\t\n\t\t\t<\/div>\n\t\t\t\n\t\t<\/div>\n\t\t\t\t\t\t<\/div>\n\t\t\t\t<div class=\"elementor-element elementor-element-967946c elementor-widget elementor-widget-icon-box\" data-id=\"967946c\" data-element_type=\"widget\" data-e-type=\"widget\" data-widget_type=\"icon-box.default\">\n\t\t\t\t\t\t\t<div class=\"elementor-icon-box-wrapper\">\n\n\t\t\t\n\t\t\t\t\t\t<div class=\"elementor-icon-box-content\">\n\n\t\t\t\t\t\t\t\t\t<h6 class=\"elementor-icon-box-title\">\n\t\t\t\t\t\t<span  >\n\t\t\t\t\t\t\tBoyut:\t\t\t\t\t\t<\/span>\n\t\t\t\t\t<\/h6>\n\t\t\t\t\n\t\t\t\t\t\t\t\t\t<p class=\"elementor-icon-box-description\">\n\t\t\t\t\t\t750.000 metre kare\t\t\t\t\t<\/p>\n\t\t\t\t\n\t\t\t<\/div>\n\t\t\t\n\t\t<\/div>\n\t\t\t\t\t\t<\/div>\n\t\t\t\t<div class=\"elementor-element elementor-element-de61146 elementor-widget elementor-widget-icon-box\" data-id=\"de61146\" data-element_type=\"widget\" data-e-type=\"widget\" data-widget_type=\"icon-box.default\">\n\t\t\t\t\t\t\t<div class=\"elementor-icon-box-wrapper\">\n\n\t\t\t\n\t\t\t\t\t\t<div class=\"elementor-icon-box-content\">\n\n\t\t\t\t\t\t\t\t\t<h6 class=\"elementor-icon-box-title\">\n\t\t\t\t\t\t<span  >\n\t\t\t\t\t\t\tKonum:\t\t\t\t\t\t<\/span>\n\t\t\t\t\t<\/h6>\n\t\t\t\t\n\t\t\t\t\t\t\t\t\t<p class=\"elementor-icon-box-description\">\n\t\t\t\t\t\tArnavutk\u00f6y, \u0130ST\t\t\t\t\t<\/p>\n\t\t\t\t\n\t\t\t<\/div>\n\t\t\t\n\t\t<\/div>\n\t\t\t\t\t\t<\/div>\n\t\t\t\t<div class=\"elementor-element elementor-element-71308a2 elementor-widget elementor-widget-icon-box\" data-id=\"71308a2\" data-element_type=\"widget\" data-e-type=\"widget\" data-widget_type=\"icon-box.default\">\n\t\t\t\t\t\t\t<div class=\"elementor-icon-box-wrapper\">\n\n\t\t\t\n\t\t\t\t\t\t<div class=\"elementor-icon-box-content\">\n\n\t\t\t\t\t\t\t\t\t<h6 class=\"elementor-icon-box-title\">\n\t\t\t\t\t\t<span  >\n\t\t\t\t\t\t\tDurum:\t\t\t\t\t\t<\/span>\n\t\t\t\t\t<\/h6>\n\t\t\t\t\n\t\t\t\t\t\t\t\t\t<p class=\"elementor-icon-box-description\">\n\t\t\t\t\t\tTamamland\u0131\t\t\t\t\t<\/p>\n\t\t\t\t\n\t\t\t<\/div>\n\t\t\t\n\t\t<\/div>\n\t\t\t\t\t\t<\/div>\n\t\t\t\t<\/div>\n\t\t<div class=\"elementor-element elementor-element-d825b6c e-con-full e-flex e-con e-child\" data-id=\"d825b6c\" data-element_type=\"container\" data-e-type=\"container\">\n\t\t\t\t<div class=\"elementor-element elementor-element-81712df elementor-widget elementor-widget-heading\" data-id=\"81712df\" data-element_type=\"widget\" data-e-type=\"widget\" data-widget_type=\"heading.default\">\n\t\t\t\t\t<h6 class=\"elementor-heading-title elementor-size-default\">Genel Bak\u0131\u015f<\/h6>\t\t\t\t<\/div>\n\t\t\t\t<div class=\"elementor-element elementor-element-fdbbdac elementor-widget elementor-widget-heading\" data-id=\"fdbbdac\" data-element_type=\"widget\" data-e-type=\"widget\" data-widget_type=\"heading.default\">\n\t\t\t\t\t<p class=\"elementor-heading-title elementor-size-default\">Premium ticari alanlarda uzmanla\u015fm\u0131\u015f, ileri g\u00f6r\u00fc\u015fl\u00fc bir geli\u015ftirici, modern \u00e7al\u0131\u015fma ortamlar\u0131n\u0131 yeniden tan\u0131mlayan \u00e7ok katl\u0131 bir ofis kompleksi olu\u015fturmak istedi. Vizyonlar\u0131, dinamik i\u015fletmelerin ihtiya\u00e7lar\u0131na g\u00f6re tasarlanm\u0131\u015f yenilik\u00e7i tasar\u0131m, s\u00fcrd\u00fcr\u00fclebilirlik ve \u00fcst d\u00fczey tesisleri i\u00e7eriyordu.<\/p>\t\t\t\t<\/div>\n\t\t\t\t<div class=\"elementor-element elementor-element-780ef12 elementor-widget elementor-widget-heading\" data-id=\"780ef12\" data-element_type=\"widget\" data-e-type=\"widget\" data-widget_type=\"heading.default\">\n\t\t\t\t\t<p class=\"elementor-heading-title elementor-size-default\">\u00c7al\u0131\u015fanlar\u0131n refah\u0131n\u0131 ve \u00fcretkenli\u011fini \u00f6n planda tutarak, modern mimariyi i\u015flevsel \u00e7al\u0131\u015fma alanlar\u0131yla birle\u015ftiren son teknoloji \u00fcr\u00fcn\u00fc bir ofis kompleksi geli\u015ftirmek. Proje, kentsel peyzajda \u00f6ne \u00e7\u0131kan bir simge yap\u0131 yaratmay\u0131 ama\u00e7l\u0131yordu.<\/p>\t\t\t\t<\/div>\n\t\t\t\t<div class=\"elementor-element elementor-element-5bd29b0 elementor-widget elementor-widget-heading\" data-id=\"5bd29b0\" data-element_type=\"widget\" data-e-type=\"widget\" data-widget_type=\"heading.default\">\n\t\t\t\t\t<h6 class=\"elementor-heading-title elementor-size-default\">Kapsam<\/h6>\t\t\t\t<\/div>\n\t\t<div class=\"elementor-element elementor-element-054c35b e-con-full e-flex e-con e-child\" data-id=\"054c35b\" data-element_type=\"container\" data-e-type=\"container\">\n\t\t\t\t<div class=\"elementor-element elementor-element-5c72a01 elementor-widget elementor-widget-text-editor\" data-id=\"5c72a01\" data-element_type=\"widget\" data-e-type=\"widget\" data-widget_type=\"text-editor.default\">\n\t\t\t\t\t\t\t\t\t<ul class=\"list\"><li>1980&#8217;lerden itibaren, binalar\u0131n karma\u015f\u0131kl\u0131\u011f\u0131 artmaya ba\u015flad\u0131k\u00e7a, mimarl\u0131k alan\u0131 \u00e7ok y\u00f6nl\u00fc hale geldi.<\/li><\/ul>\t\t\t\t\t\t\t\t<\/div>\n\t\t\t\t<div class=\"elementor-element elementor-element-7810c15 elementor-widget elementor-widget-text-editor\" data-id=\"7810c15\" data-element_type=\"widget\" data-e-type=\"widget\" data-widget_type=\"text-editor.default\">\n\t\t\t\t\t\t\t\t\t<ul class=\"list\"><li>Kirac\u0131lar\u0131n alanlar\u0131n\u0131 \u00f6zelle\u015ftirmelerine olanak tan\u0131yan a\u00e7\u0131k kat planlar\u0131 geli\u015ftirildi.<\/li><\/ul>\t\t\t\t\t\t\t\t<\/div>\n\t\t\t\t<div class=\"elementor-element elementor-element-c6d9070 elementor-widget elementor-widget-text-editor\" data-id=\"c6d9070\" data-element_type=\"widget\" data-e-type=\"widget\" data-widget_type=\"text-editor.default\">\n\t\t\t\t\t\t\t\t\t<ul class=\"list\"><li>Cephe camlar\u0131n\u0131n alan\u0131, kat y\u00fcksekli\u011fini art\u0131rarak tesis kullan\u0131c\u0131lar\u0131na e\u015fsiz manzaralar sunar.<\/li><\/ul>\t\t\t\t\t\t\t\t<\/div>\n\t\t\t\t<div class=\"elementor-element elementor-element-ced36b6 elementor-widget elementor-widget-text-editor\" data-id=\"ced36b6\" data-element_type=\"widget\" data-e-type=\"widget\" data-widget_type=\"text-editor.default\">\n\t\t\t\t\t\t\t\t\t<ul class=\"list\"><li>Dayan\u0131kl\u0131l\u0131k ve \u00e7evre dostu olma \u00f6zelliklerine odaklanarak yerel kaynakl\u0131 malzemeler kullan\u0131ld\u0131.<\/li><\/ul>\t\t\t\t\t\t\t\t<\/div>\n\t\t\t\t<\/div>\n\t\t\t\t<\/div>\n\t\t\t\t<\/div>\n\t\t\t\t<\/div>\n\t\t\t\t\t<\/div>\n\t\t\t\t<\/div>\n\t\t\t\t<\/div>\n\t\t\t\t<\/div>\n\t\t<div class=\"elementor-element elementor-element-53714f0 e-con-full e-flex e-con e-parent\" data-id=\"53714f0\" data-element_type=\"container\" data-e-type=\"container\">\n\t\t\t\t<div class=\"elementor-element elementor-element-cf5e143 elementor-widget elementor-widget-archidex_gallery\" data-id=\"cf5e143\" data-element_type=\"widget\" data-e-type=\"widget\" data-widget_type=\"archidex_gallery.default\">\n\t\t\t\t<div class=\"elementor-widget-container\">\n\t\t\t\t\t\r\n            \r\n                <div class=\"portfolio-gallery\">\r\n                    <div class=\"container rr-container-1650\">\r\n\r\n                        <div class=\"portfolio-gallery__inner\">\r\n                                                                                                <div class=\"portfolio-gallery__item rr-ov-hidden span-2\">\r\n                                        <img decoding=\"async\" data-speed=\"0.6\" src=\"https:\/\/mahal.com.tr\/wp-content\/uploads\/2025\/11\/project-6.jpg\" alt=\"\">\r\n                                    <\/div>\r\n                                                                                                                                <div class=\"portfolio-gallery__item rr-ov-hidden\">\r\n                                        <img decoding=\"async\" data-speed=\"0.6\" src=\"https:\/\/mahal.com.tr\/wp-content\/uploads\/2025\/11\/project-7.jpg\" alt=\"\">\r\n                                    <\/div>\r\n                                                                                                                                <div class=\"portfolio-gallery__item rr-ov-hidden\">\r\n                                        <img decoding=\"async\" data-speed=\"0.6\" src=\"https:\/\/mahal.com.tr\/wp-content\/uploads\/2025\/11\/project-8.jpg\" alt=\"\">\r\n                                    <\/div>\r\n                                                                                                                                <div class=\"portfolio-gallery__item rr-ov-hidden span-2\">\r\n                                        <img decoding=\"async\" data-speed=\"0.6\" src=\"https:\/\/mahal.com.tr\/wp-content\/uploads\/2025\/11\/project-9.jpg\" alt=\"\">\r\n                                    <\/div>\r\n                                                                                                                                <div class=\"portfolio-gallery__item rr-ov-hidden span-2\">\r\n                                        <img decoding=\"async\" data-speed=\"0.6\" src=\"https:\/\/mahal.com.tr\/wp-content\/uploads\/2025\/11\/project-10.jpg\" alt=\"\">\r\n                                    <\/div>\r\n                                                                                                                                <div class=\"portfolio-gallery__item rr-ov-hidden\">\r\n                                        <img decoding=\"async\" data-speed=\"0.6\" src=\"https:\/\/mahal.com.tr\/wp-content\/uploads\/2025\/11\/project-11.jpg\" alt=\"\">\r\n                                    <\/div>\r\n                                                                                                                                <div class=\"portfolio-gallery__item rr-ov-hidden\">\r\n                                        <img decoding=\"async\" data-speed=\"0.6\" src=\"https:\/\/mahal.com.tr\/wp-content\/uploads\/2025\/11\/project-12.jpg\" alt=\"\">\r\n                                    <\/div>\r\n                                                                                    <\/div>\r\n                    <\/div>\r\n                <\/div>\r\n\r\n            \r\n        \t\t\t\t<\/div>\n\t\t\t\t<\/div>\n\t\t\t\t<\/div>\n\t\t<div class=\"elementor-element elementor-element-ebe9d4a e-con-full container rr-container-1790 e-flex e-con e-parent\" data-id=\"ebe9d4a\" data-element_type=\"container\" data-e-type=\"container\" data-settings=\"{&quot;background_background&quot;:&quot;classic&quot;}\">\n\t\t<div class=\"elementor-element elementor-element-bfd5ad8 e-flex e-con-boxed e-con e-child\" data-id=\"bfd5ad8\" data-element_type=\"container\" data-e-type=\"container\">\n\t\t\t\t\t<div class=\"e-con-inner\">\n\t\t<div class=\"elementor-element elementor-element-68f8e1d e-con-full e-flex e-con e-child\" data-id=\"68f8e1d\" data-element_type=\"container\" data-e-type=\"container\">\n\t\t\t\t<div class=\"elementor-element elementor-element-0e62435 elementor-widget elementor-widget-heading\" data-id=\"0e62435\" data-element_type=\"widget\" data-e-type=\"widget\" data-widget_type=\"heading.default\">\n\t\t\t\t\t<h3 class=\"elementor-heading-title elementor-size-default\">Sizi Ar\u0131yal\u0131m<\/h3>\t\t\t\t<\/div>\n\t\t\t\t<\/div>\n\t\t<div class=\"elementor-element elementor-element-b20cd23 e-con-full e-flex e-con e-child\" data-id=\"b20cd23\" data-element_type=\"container\" data-e-type=\"container\">\n\t\t\t\t<div class=\"elementor-element elementor-element-54d6356 elementor-widget elementor-widget-archidex_subscribe_form\" data-id=\"54d6356\" data-element_type=\"widget\" data-e-type=\"widget\" data-widget_type=\"archidex_subscribe_form.default\">\n\t\t\t\t<div class=\"elementor-widget-container\">\n\t\t\t\t\t\r\n            \r\n                <div class=\"archidex-subscribe-1\">\r\n                                            \n<div class=\"wpcf7 no-js\" id=\"wpcf7-f2045-o1\" lang=\"en-US\" dir=\"ltr\" data-wpcf7-id=\"2045\">\n<div class=\"screen-reader-response\"><p role=\"status\" aria-live=\"polite\" aria-atomic=\"true\"><\/p> <ul><\/ul><\/div>\n<form action=\"\/index.php\/wp-json\/wp\/v2\/pages\/137#wpcf7-f2045-o1\" method=\"post\" class=\"wpcf7-form init\" aria-label=\"Contact form\" novalidate=\"novalidate\" data-status=\"init\">\n<fieldset class=\"hidden-fields-container\"><input type=\"hidden\" name=\"_wpcf7\" value=\"2045\" \/><input type=\"hidden\" name=\"_wpcf7_version\" value=\"6.1.5\" \/><input type=\"hidden\" name=\"_wpcf7_locale\" value=\"en_US\" \/><input type=\"hidden\" name=\"_wpcf7_unit_tag\" value=\"wpcf7-f2045-o1\" \/><input type=\"hidden\" name=\"_wpcf7_container_post\" value=\"0\" \/><input type=\"hidden\" name=\"_wpcf7_posted_data_hash\" value=\"\" \/>\n<\/fieldset>\n<div class=\"newsletter-7__form\">\n    <div class=\"newsletter-7__input\">\n        <span class=\"wpcf7-form-control-wrap\" data-name=\"adiniz\"><input size=\"40\" maxlength=\"400\" class=\"wpcf7-form-control wpcf7-text wpcf7-validates-as-required\" aria-required=\"true\" aria-invalid=\"false\" placeholder=\"Ad\u0131n\u0131z\" value=\"\" type=\"text\" name=\"adiniz\" \/><\/span>\n    <\/div>\n    <div class=\"newsletter-7__input\">\n        <span class=\"wpcf7-form-control-wrap\" data-name=\"soyadiniz\"><input size=\"40\" maxlength=\"400\" class=\"wpcf7-form-control wpcf7-text wpcf7-validates-as-required\" aria-required=\"true\" aria-invalid=\"false\" placeholder=\"Soyad\u0131n\u0131z\" value=\"\" type=\"text\" name=\"soyadiniz\" \/><\/span>\n    <\/div>\n    <div class=\"newsletter-7__input\">\n        <span class=\"wpcf7-form-control-wrap\" data-name=\"telefon-numaraniz\"><input size=\"40\" maxlength=\"400\" class=\"wpcf7-form-control wpcf7-tel wpcf7-validates-as-required wpcf7-text wpcf7-validates-as-tel\" aria-required=\"true\" aria-invalid=\"false\" placeholder=\"Telefon Numaran\u0131z\" value=\"\" type=\"tel\" name=\"telefon-numaraniz\" \/><\/span>\n    <\/div>\n    <div class=\"newsletter-7__btn\">\n        <button type=\"submit\" class=\"rr-btn-primary\">\n            <span class=\"text\">Talebi G\u00f6nder<\/span>\n        <\/button>\n    <\/div>\n<\/div><div class=\"wpcf7-response-output\" aria-hidden=\"true\"><\/div>\n<\/form>\n<\/div>\n\r\n                                    <\/div>\r\n\r\n            \r\n        \t\t\t\t<\/div>\n\t\t\t\t<\/div>\n\t\t\t\t<\/div>\n\t\t\t\t\t<\/div>\n\t\t\t\t<\/div>\n\t\t\t\t<\/div>\n\t\t\t\t<\/div>\n\t\t","protected":false},"excerpt":{"rendered":"<p>Basit ama en iyi \u00e7al\u0131\u015fmalar\u0131m\u0131z\u0131 g\u00f6steriyor. \u015eehirsel D\u00f6n\u00fc\u015f\u00fcm Developed by &#8211; Architex 2023 Her projenin sorunsuz bir \u015fekilde y\u00fcr\u00fct\u00fclmesini ve nihai yap\u0131n\u0131n ortak hedeflerimizin \u00e7ok \u00f6tesinde bir sonu\u00e7 vermesini sa\u011flamak i\u00e7in in\u015faat\u00e7\u0131lar ve di\u011fer ortaklarla yak\u0131n bir \u015fekilde \u00e7al\u0131\u015f\u0131yoruz. Onlar\u0131n vizyonu, yenilik\u00e7i tasar\u0131m, s\u00fcrd\u00fcr\u00fclebilirlik ve dinamik i\u015fletmelerin ihtiya\u00e7lar\u0131na g\u00f6re uyarlanm\u0131\u015f \u00fcst d\u00fczey tesisleri i\u00e7eriyordu. Information [&hellip;]<\/p>\n","protected":false},"author":1,"featured_media":0,"parent":0,"menu_order":0,"comment_status":"closed","ping_status":"closed","template":"elementor_header_footer","meta":{"footnotes":""},"class_list":["post-137","page","type-page","status-publish","hentry"],"_links":{"self":[{"href":"https:\/\/mahal.com.tr\/index.php\/wp-json\/wp\/v2\/pages\/137","targetHints":{"allow":["GET"]}}],"collection":[{"href":"https:\/\/mahal.com.tr\/index.php\/wp-json\/wp\/v2\/pages"}],"about":[{"href":"https:\/\/mahal.com.tr\/index.php\/wp-json\/wp\/v2\/types\/page"}],"author":[{"embeddable":true,"href":"https:\/\/mahal.com.tr\/index.php\/wp-json\/wp\/v2\/users\/1"}],"replies":[{"embeddable":true,"href":"https:\/\/mahal.com.tr\/index.php\/wp-json\/wp\/v2\/comments?post=137"}],"version-history":[{"count":24,"href":"https:\/\/mahal.com.tr\/index.php\/wp-json\/wp\/v2\/pages\/137\/revisions"}],"predecessor-version":[{"id":4603,"href":"https:\/\/mahal.com.tr\/index.php\/wp-json\/wp\/v2\/pages\/137\/revisions\/4603"}],"wp:attachment":[{"href":"https:\/\/mahal.com.tr\/index.php\/wp-json\/wp\/v2\/media?parent=137"}],"curies":[{"name":"wp","href":"https:\/\/api.w.org\/{rel}","templated":true}]}}