{"id":68,"date":"2025-11-03T10:03:56","date_gmt":"2025-11-03T10:03:56","guid":{"rendered":"https:\/\/wp.ravextheme.com\/archidex\/?page_id=68"},"modified":"2026-03-13T11:46:40","modified_gmt":"2026-03-13T08:46:40","slug":"hakkimizda","status":"publish","type":"page","link":"https:\/\/mahal.com.tr\/index.php\/hakkimizda\/","title":{"rendered":"Hakk\u0131m\u0131zda"},"content":{"rendered":"\t\t<div data-elementor-type=\"wp-page\" data-elementor-id=\"68\" class=\"elementor elementor-68\" data-elementor-post-type=\"page\">\n\t\t\t\t<div class=\"elementor-element elementor-element-b7f889f e-con-full container rr-container-1650 e-flex e-con e-parent\" data-id=\"b7f889f\" data-element_type=\"container\" data-e-type=\"container\">\n\t\t<div class=\"elementor-element elementor-element-905714d e-flex e-con-boxed e-con e-child\" data-id=\"905714d\" data-element_type=\"container\" data-e-type=\"container\">\n\t\t\t\t\t<div class=\"e-con-inner\">\n\t\t<div class=\"elementor-element elementor-element-0a5770d e-con-full e-flex e-con e-child\" data-id=\"0a5770d\" data-element_type=\"container\" data-e-type=\"container\">\n\t\t<div class=\"elementor-element elementor-element-aa9bf2d e-con-full e-flex e-con e-child\" data-id=\"aa9bf2d\" data-element_type=\"container\" data-e-type=\"container\">\n\t\t\t\t<div class=\"elementor-element elementor-element-6df999d elementor-widget__width-initial elementor-widget elementor-widget-heading\" data-id=\"6df999d\" data-element_type=\"widget\" data-e-type=\"widget\" data-widget_type=\"heading.default\">\n\t\t\t\t\t<h6 class=\"elementor-heading-title elementor-size-default\">\u0130nsanlar\u0131 ve mekanlar\u0131 birbirine ba\u011flayan Mahal Yap\u0131, bu sorunlar\u0131 \u00e7\u00f6zmenize ve her t\u00fcrl\u00fc in\u015faat projesi i\u00e7in d\u00fcnyan\u0131n en iyi \u00e7\u00f6z\u00fcmlerini geli\u015ftirmenize yard\u0131mc\u0131 olur. \u00dcr\u00fcnlerimiz, tasar\u0131m \u00fczerine odaklanman\u0131z\u0131 ve \u00e7ok \u00e7e\u015fitli teknik sorunlar ve i\u015flevler hakk\u0131nda endi\u015felenmenizi \u00f6nler.<\/h6>\t\t\t\t<\/div>\n\t\t\t\t<\/div>\n\t\t<div class=\"elementor-element elementor-element-bda2394 e-con-full e-flex e-con e-child\" data-id=\"bda2394\" data-element_type=\"container\" data-e-type=\"container\">\n\t\t<div class=\"elementor-element elementor-element-753f594 e-con-full e-flex e-con e-child\" data-id=\"753f594\" data-element_type=\"container\" data-e-type=\"container\">\n\t\t<div class=\"elementor-element elementor-element-f7caea4 e-con-full e-flex e-con e-child\" data-id=\"f7caea4\" data-element_type=\"container\" data-e-type=\"container\">\n\t\t\t\t<div class=\"elementor-element elementor-element-ec3250c elementor-widget__width-initial elementor-widget elementor-widget-heading\" data-id=\"ec3250c\" data-element_type=\"widget\" data-e-type=\"widget\" data-widget_type=\"heading.default\">\n\t\t\t\t\t<p class=\"elementor-heading-title elementor-size-default\">Kentsel d\u00f6n\u00fc\u015f\u00fcmde estetik ve g\u00fcveni bir arada sunan, 15 y\u0131l\u0131 a\u015fk\u0131n deneyimiyle binlerce aileye yeni ya\u015fam alanlar\u0131 kazand\u0131ran g\u00fcvenilir in\u015faat firman\u0131z.<\/p>\t\t\t\t<\/div>\n\t\t<div class=\"elementor-element elementor-element-bc8a182 e-con-full e-flex e-con e-child\" data-id=\"bc8a182\" data-element_type=\"container\" data-e-type=\"container\">\n\t\t\t\t<div class=\"elementor-element elementor-element-cc44861 elementor-widget elementor-widget-heading\" data-id=\"cc44861\" data-element_type=\"widget\" data-e-type=\"widget\" data-widget_type=\"heading.default\">\n\t\t\t\t\t<h5 class=\"elementor-heading-title elementor-size-default\">Mahal Yap\u0131<\/h5>\t\t\t\t<\/div>\n\t\t\t\t<div class=\"elementor-element elementor-element-63755b3 elementor-widget elementor-widget-heading\" data-id=\"63755b3\" data-element_type=\"widget\" data-e-type=\"widget\" data-widget_type=\"heading.default\">\n\t\t\t\t\t<span class=\"elementor-heading-title elementor-size-default\">Kentsel D\u00f6n\u00fc\u015f\u00fcm \u00d6nc\u00fcs\u00fc<\/span>\t\t\t\t<\/div>\n\t\t\t\t<\/div>\n\t\t\t\t<\/div>\n\t\t\t\t<\/div>\n\t\t<div class=\"elementor-element elementor-element-6c5d316 e-con-full e-flex e-con e-child\" data-id=\"6c5d316\" data-element_type=\"container\" data-e-type=\"container\">\n\t\t\t\t<div class=\"elementor-element elementor-element-f270124 elementor-widget elementor-widget-archidex_parallax_image\" data-id=\"f270124\" data-element_type=\"widget\" data-e-type=\"widget\" data-widget_type=\"archidex_parallax_image.default\">\n\t\t\t\t<div class=\"elementor-widget-container\">\n\t\t\t\t\t\r\n\t\t\t\r\n\t\t\t\t<div class=\"expertise__media rr-ov-hidden\">\r\n\t\t\t\t\t<img decoding=\"async\" data-speed=\"0.3\" src=\"https:\/\/mahal.com.tr\/wp-content\/uploads\/2025\/11\/about-2.jpg\" alt=\"\">\r\n\t\t\t\t<\/div>\r\n\r\n\t\t\t\r\n\t\t\t\t\t\t<\/div>\n\t\t\t\t<\/div>\n\t\t\t\t<div class=\"elementor-element elementor-element-08c1278 elementor-widget__width-initial elementor-widget elementor-widget-heading\" data-id=\"08c1278\" data-element_type=\"widget\" data-e-type=\"widget\" data-widget_type=\"heading.default\">\n\t\t\t\t\t<h3 class=\"elementor-heading-title elementor-size-default\">Mahal Yap\u0131, ba\u011flam, malzeme ve insan deneyimine uygun, \u00f6zenli ve zamans\u0131z mekanlar yaratmaya adanm\u0131\u015f uluslararas\u0131 bir mimarl\u0131k ve tasar\u0131m st\u00fcdyosudur.<\/h3>\t\t\t\t<\/div>\n\t\t\t\t<div class=\"elementor-element elementor-element-9a61773 elementor-widget elementor-widget-archidex_button\" data-id=\"9a61773\" data-element_type=\"widget\" data-e-type=\"widget\" data-widget_type=\"archidex_button.default\">\n\t\t\t\t<div class=\"elementor-widget-container\">\n\t\t\t\t\t\r\n            \r\n                <div class=\"archidex-about-button about-7__btn\">\r\n                    <a href=\"https:\/\/mahal.com.tr\/index.php\/projelerimiz\/\" target=\"_self\" rel=\"nofollow\" class=\"archidex-el-button rr-btn-primary after-icon\">\r\n                                                <span class=\"text\">\r\n                            Hizmetlerimizi Ke\u015ffedin                        <\/span>\r\n                        <i aria-hidden=\"true\" class=\" fa-solid fa-arrow-right archidex-icons\"><\/i>                    <\/a>\r\n                <\/div>\r\n\r\n                \r\n            \r\n            \r\n        \t\t\t\t<\/div>\n\t\t\t\t<\/div>\n\t\t\t\t<\/div>\n\t\t\t\t<\/div>\n\t\t\t\t<\/div>\n\t\t\t\t\t<\/div>\n\t\t\t\t<\/div>\n\t\t\t\t<\/div>\n\t\t<div class=\"elementor-element elementor-element-71b8b19 e-con-full container rr-container-1650 e-flex e-con e-parent\" data-id=\"71b8b19\" data-element_type=\"container\" data-e-type=\"container\">\n\t\t<div class=\"elementor-element elementor-element-d6c3e7c e-con-full e-flex e-con e-child\" data-id=\"d6c3e7c\" data-element_type=\"container\" data-e-type=\"container\">\n\t\t<div class=\"elementor-element elementor-element-1b87221 e-flex e-con-boxed e-con e-child\" data-id=\"1b87221\" data-element_type=\"container\" data-e-type=\"container\">\n\t\t\t\t\t<div class=\"e-con-inner\">\n\t\t<div class=\"elementor-element elementor-element-1c1cc60 e-flex e-con-boxed e-con e-child\" data-id=\"1c1cc60\" data-element_type=\"container\" data-e-type=\"container\">\n\t\t\t\t\t<div class=\"e-con-inner\">\n\t\t<div class=\"elementor-element elementor-element-d162d62 e-con-full e-flex e-con e-child\" data-id=\"d162d62\" data-element_type=\"container\" data-e-type=\"container\">\n\t\t\t\t<div class=\"elementor-element elementor-element-9931f49 elementor-widget elementor-widget-heading\" data-id=\"9931f49\" data-element_type=\"widget\" data-e-type=\"widget\" data-widget_type=\"heading.default\">\n\t\t\t\t\t<p class=\"elementor-heading-title elementor-size-default\">Tamamlad\u0131\u011f\u0131m\u0131z projeler<\/p>\t\t\t\t<\/div>\n\t\t\t\t<div class=\"elementor-element elementor-element-3b0587a elementor-widget elementor-widget-archidex_counter\" data-id=\"3b0587a\" data-element_type=\"widget\" data-e-type=\"widget\" data-widget_type=\"archidex_counter.default\">\n\t\t\t\t<div class=\"elementor-widget-container\">\n\t\t\t\t\t\r\n\t\t    \r\n                                    <div class=\"counter-section-8__item\">\r\n                                                <h2>\r\n                            <span class=\"odometer\" data-count=\"40\">\r\n                                0                            <\/span>\r\n                            <span class=\"counter-suffix\">\r\n                                                            <\/span>\r\n                        <\/h2>\r\n                    <\/div>\r\n                \r\n            \r\n\t\t\t\t\t\t<\/div>\n\t\t\t\t<\/div>\n\t\t\t\t<\/div>\n\t\t<div class=\"elementor-element elementor-element-21fa5cd e-con-full e-flex e-con e-child\" data-id=\"21fa5cd\" data-element_type=\"container\" data-e-type=\"container\">\n\t\t\t\t<div class=\"elementor-element elementor-element-3756993 elementor-widget elementor-widget-heading\" data-id=\"3756993\" data-element_type=\"widget\" data-e-type=\"widget\" data-widget_type=\"heading.default\">\n\t\t\t\t\t<p class=\"elementor-heading-title elementor-size-default\">Deneyimlerimiz<\/p>\t\t\t\t<\/div>\n\t\t\t\t<div class=\"elementor-element elementor-element-8815eb3 elementor-widget elementor-widget-archidex_counter\" data-id=\"8815eb3\" data-element_type=\"widget\" data-e-type=\"widget\" data-widget_type=\"archidex_counter.default\">\n\t\t\t\t<div class=\"elementor-widget-container\">\n\t\t\t\t\t\r\n\t\t    \r\n                                    <div class=\"counter-section-8__item\">\r\n                                                <h2>\r\n                            <span class=\"odometer\" data-count=\"34\">\r\n                                0                            <\/span>\r\n                            <span class=\"counter-suffix\">\r\n                                                            <\/span>\r\n                        <\/h2>\r\n                    <\/div>\r\n                \r\n            \r\n\t\t\t\t\t\t<\/div>\n\t\t\t\t<\/div>\n\t\t\t\t<\/div>\n\t\t<div class=\"elementor-element elementor-element-566b71c e-con-full e-flex e-con e-child\" data-id=\"566b71c\" data-element_type=\"container\" data-e-type=\"container\">\n\t\t\t\t<div class=\"elementor-element elementor-element-a534459 elementor-widget elementor-widget-heading\" data-id=\"a534459\" data-element_type=\"widget\" data-e-type=\"widget\" data-widget_type=\"heading.default\">\n\t\t\t\t\t<p class=\"elementor-heading-title elementor-size-default\">Ortaklar\u0131m\u0131z<\/p>\t\t\t\t<\/div>\n\t\t\t\t<div class=\"elementor-element elementor-element-119473c elementor-widget elementor-widget-archidex_counter\" data-id=\"119473c\" data-element_type=\"widget\" data-e-type=\"widget\" data-widget_type=\"archidex_counter.default\">\n\t\t\t\t<div class=\"elementor-widget-container\">\n\t\t\t\t\t\r\n\t\t    \r\n                                    <div class=\"counter-section-8__item\">\r\n                                                <h2>\r\n                            <span class=\"odometer\" data-count=\"18\">\r\n                                0                            <\/span>\r\n                            <span class=\"counter-suffix\">\r\n                                                            <\/span>\r\n                        <\/h2>\r\n                    <\/div>\r\n                \r\n            \r\n\t\t\t\t\t\t<\/div>\n\t\t\t\t<\/div>\n\t\t\t\t<\/div>\n\t\t\t\t\t<\/div>\n\t\t\t\t<\/div>\n\t\t\t\t\t<\/div>\n\t\t\t\t<\/div>\n\t\t\t\t<\/div>\n\t\t\t\t<\/div>\n\t\t<div class=\"elementor-element elementor-element-c9a0481 e-con-full e-flex e-con e-parent\" data-id=\"c9a0481\" data-element_type=\"container\" data-e-type=\"container\">\n\t\t<div class=\"elementor-element elementor-element-853bbb9 e-con-full e-flex e-con e-child\" data-id=\"853bbb9\" data-element_type=\"container\" data-e-type=\"container\">\n\t\t<div class=\"elementor-element elementor-element-ac269f7 e-con-full e-flex e-con e-child\" data-id=\"ac269f7\" data-element_type=\"container\" data-e-type=\"container\" data-settings=\"{&quot;background_background&quot;:&quot;classic&quot;}\">\n\t\t\t\t<\/div>\n\t\t<div class=\"elementor-element elementor-element-1f5fac1 e-con-full e-flex e-con e-child\" data-id=\"1f5fac1\" data-element_type=\"container\" data-e-type=\"container\" data-settings=\"{&quot;background_background&quot;:&quot;classic&quot;}\">\n\t\t\t\t<div class=\"elementor-element elementor-element-e8a40c3 elementor-hidden-tablet elementor-hidden-mobile_extra elementor-hidden-mobile elementor-widget elementor-widget-image\" data-id=\"e8a40c3\" data-element_type=\"widget\" data-e-type=\"widget\" data-widget_type=\"image.default\">\n\t\t\t\t\t\t\t\t\t\t\t\t\t\t\t<img fetchpriority=\"high\" decoding=\"async\" width=\"400\" height=\"500\" src=\"https:\/\/mahal.com.tr\/wp-content\/uploads\/2025\/11\/feature-2.jpg\" class=\"attachment-full size-full wp-image-244\" alt=\"\" \/>\t\t\t\t\t\t\t\t\t\t\t\t\t\t\t<\/div>\n\t\t\t\t<div class=\"elementor-element elementor-element-d7feee2 elementor-widget__width-initial elementor-widget elementor-widget-heading\" data-id=\"d7feee2\" data-element_type=\"widget\" data-e-type=\"widget\" data-widget_type=\"heading.default\">\n\t\t\t\t\t<p class=\"elementor-heading-title elementor-size-default\">Mimarlar\u0131n, \u00f6zel olarak tasarlanm\u0131\u015f akustik \u00e7\u00f6z\u00fcmlerle mekanlardan ses \u015fekillendirmelerine yard\u0131mc\u0131 oluyoruz.<\/p>\t\t\t\t<\/div>\n\t\t\t\t<\/div>\n\t\t\t\t<\/div>\n\t\t\t\t<\/div>\n\t\t<div class=\"elementor-element elementor-element-3572405 e-con-full e-flex e-con e-parent\" data-id=\"3572405\" data-element_type=\"container\" data-e-type=\"container\">\n\t\t<div class=\"elementor-element elementor-element-a84995d e-con-full e-flex e-con e-child\" data-id=\"a84995d\" data-element_type=\"container\" data-e-type=\"container\">\n\t\t<div class=\"elementor-element elementor-element-939d9a1 e-con-full e-flex e-con e-child\" data-id=\"939d9a1\" data-element_type=\"container\" data-e-type=\"container\">\n\t\t<div class=\"elementor-element elementor-element-be353f0 e-con-full e-flex e-con e-child\" data-id=\"be353f0\" data-element_type=\"container\" data-e-type=\"container\">\n\t\t\t\t<div class=\"elementor-element elementor-element-90c0437 elementor-widget__width-initial elementor-widget-divider--view-line elementor-widget elementor-widget-divider\" data-id=\"90c0437\" data-element_type=\"widget\" data-e-type=\"widget\" data-widget_type=\"divider.default\">\n\t\t\t\t\t\t\t<div class=\"elementor-divider\">\n\t\t\t<span class=\"elementor-divider-separator\">\n\t\t\t\t\t\t<\/span>\n\t\t<\/div>\n\t\t\t\t\t\t<\/div>\n\t\t\t\t<div class=\"elementor-element elementor-element-b2eeb53 elementor-widget__width-auto elementor-widget elementor-widget-heading\" data-id=\"b2eeb53\" data-element_type=\"widget\" data-e-type=\"widget\" data-widget_type=\"heading.default\">\n\t\t\t\t\t<h2 class=\"elementor-heading-title elementor-size-default\">\u0130\u015f Ak\u0131\u015f\u0131m\u0131z<\/h2>\t\t\t\t<\/div>\n\t\t\t\t<\/div>\n\t\t\t\t<div class=\"elementor-element elementor-element-a8e6411 elementor-widget elementor-widget-heading\" data-id=\"a8e6411\" data-element_type=\"widget\" data-e-type=\"widget\" data-widget_type=\"heading.default\">\n\t\t\t\t\t<h2 class=\"elementor-heading-title elementor-size-default\">\u00c7ok Disiplinli <br> Mimari \u0130lerleyi\u015f<\/h2>\t\t\t\t<\/div>\n\t\t<div class=\"elementor-element elementor-element-cb5349a e-con-full e-flex e-con e-child\" data-id=\"cb5349a\" data-element_type=\"container\" data-e-type=\"container\">\n\t\t<div class=\"elementor-element elementor-element-dd16917 e-con-full e-flex e-con e-child\" data-id=\"dd16917\" data-element_type=\"container\" data-e-type=\"container\">\n\t\t\t\t<div class=\"elementor-element elementor-element-ee8f6bf elementor-widget elementor-widget-heading\" data-id=\"ee8f6bf\" data-element_type=\"widget\" data-e-type=\"widget\" data-widget_type=\"heading.default\">\n\t\t\t\t\t<h4 class=\"elementor-heading-title elementor-size-default\">Hukuki Dan\u0131\u015fmanl\u0131k<\/h4>\t\t\t\t<\/div>\n\t\t\t\t<div class=\"elementor-element elementor-element-4db840f elementor-widget elementor-widget-heading\" data-id=\"4db840f\" data-element_type=\"widget\" data-e-type=\"widget\" data-widget_type=\"heading.default\">\n\t\t\t\t\t<span class=\"elementor-heading-title elementor-size-default\">#01<\/span>\t\t\t\t<\/div>\n\t\t\t\t<\/div>\n\t\t<div class=\"elementor-element elementor-element-90d8486 e-con-full e-flex e-con e-child\" data-id=\"90d8486\" data-element_type=\"container\" data-e-type=\"container\">\n\t\t\t\t<div class=\"elementor-element elementor-element-1d5b7d8 elementor-widget elementor-widget-heading\" data-id=\"1d5b7d8\" data-element_type=\"widget\" data-e-type=\"widget\" data-widget_type=\"heading.default\">\n\t\t\t\t\t<h4 class=\"elementor-heading-title elementor-size-default\">Finansal Planlama<\/h4>\t\t\t\t<\/div>\n\t\t\t\t<div class=\"elementor-element elementor-element-5b5ebda elementor-widget elementor-widget-heading\" data-id=\"5b5ebda\" data-element_type=\"widget\" data-e-type=\"widget\" data-widget_type=\"heading.default\">\n\t\t\t\t\t<span class=\"elementor-heading-title elementor-size-default\">#02<\/span>\t\t\t\t<\/div>\n\t\t\t\t<\/div>\n\t\t<div class=\"elementor-element elementor-element-bcd1eff e-con-full e-flex e-con e-child\" data-id=\"bcd1eff\" data-element_type=\"container\" data-e-type=\"container\">\n\t\t\t\t<div class=\"elementor-element elementor-element-f635722 elementor-widget elementor-widget-heading\" data-id=\"f635722\" data-element_type=\"widget\" data-e-type=\"widget\" data-widget_type=\"heading.default\">\n\t\t\t\t\t<h4 class=\"elementor-heading-title elementor-size-default\">Proje Y\u00f6netimi<\/h4>\t\t\t\t<\/div>\n\t\t\t\t<div class=\"elementor-element elementor-element-aa20efc elementor-widget elementor-widget-heading\" data-id=\"aa20efc\" data-element_type=\"widget\" data-e-type=\"widget\" data-widget_type=\"heading.default\">\n\t\t\t\t\t<span class=\"elementor-heading-title elementor-size-default\">#03<\/span>\t\t\t\t<\/div>\n\t\t\t\t<\/div>\n\t\t<div class=\"elementor-element elementor-element-18117ce e-con-full e-flex e-con e-child\" data-id=\"18117ce\" data-element_type=\"container\" data-e-type=\"container\">\n\t\t\t\t<div class=\"elementor-element elementor-element-a01689c elementor-widget elementor-widget-heading\" data-id=\"a01689c\" data-element_type=\"widget\" data-e-type=\"widget\" data-widget_type=\"heading.default\">\n\t\t\t\t\t<h4 class=\"elementor-heading-title elementor-size-default\">Ge\u00e7ici Konut Deste\u011fi<\/h4>\t\t\t\t<\/div>\n\t\t\t\t<div class=\"elementor-element elementor-element-8dc1aa6 elementor-widget elementor-widget-heading\" data-id=\"8dc1aa6\" data-element_type=\"widget\" data-e-type=\"widget\" data-widget_type=\"heading.default\">\n\t\t\t\t\t<span class=\"elementor-heading-title elementor-size-default\">#04<\/span>\t\t\t\t<\/div>\n\t\t\t\t<\/div>\n\t\t\t\t<\/div>\n\t\t\t\t<div class=\"elementor-element elementor-element-465924d elementor-widget__width-initial elementor-widget elementor-widget-heading\" data-id=\"465924d\" data-element_type=\"widget\" data-e-type=\"widget\" data-widget_type=\"heading.default\">\n\t\t\t\t\t<p class=\"elementor-heading-title elementor-size-default\">1997'lerden itibaren, binalar\u0131n karma\u015f\u0131kl\u0131\u011f\u0131 artmaya ba\u015flad\u0131k\u00e7a, mimarl\u0131k alan\u0131 her biri i\u00e7in uzmanl\u0131k alanlar\u0131 olan \u00e7ok disiplinli bir alan haline geldi.<\/p>\t\t\t\t<\/div>\n\t\t\t\t<\/div>\n\t\t<div class=\"elementor-element elementor-element-7179057 e-con-full e-flex e-con e-child\" data-id=\"7179057\" data-element_type=\"container\" data-e-type=\"container\" data-settings=\"{&quot;motion_fx_motion_fx_scrolling&quot;:&quot;yes&quot;,&quot;motion_fx_translateY_effect&quot;:&quot;yes&quot;,&quot;motion_fx_translateY_speed&quot;:{&quot;unit&quot;:&quot;px&quot;,&quot;size&quot;:1.9,&quot;sizes&quot;:[]},&quot;motion_fx_translateY_direction&quot;:&quot;negative&quot;,&quot;motion_fx_translateY_affectedRange&quot;:{&quot;unit&quot;:&quot;%&quot;,&quot;size&quot;:&quot;&quot;,&quot;sizes&quot;:{&quot;start&quot;:0,&quot;end&quot;:100}},&quot;motion_fx_devices&quot;:[&quot;desktop&quot;,&quot;laptop&quot;,&quot;tablet_extra&quot;,&quot;tablet&quot;,&quot;mobile_extra&quot;,&quot;mobile&quot;]}\">\n\t\t\t\t<div class=\"elementor-element elementor-element-7055ee8 elementor-widget elementor-widget-image\" data-id=\"7055ee8\" data-element_type=\"widget\" data-e-type=\"widget\" data-widget_type=\"image.default\">\n\t\t\t\t\t\t\t\t\t\t\t\t\t\t\t<img decoding=\"async\" width=\"960\" height=\"684\" src=\"https:\/\/mahal.com.tr\/wp-content\/uploads\/2025\/11\/about-4.jpg\" class=\"attachment-full size-full wp-image-504\" alt=\"\" \/>\t\t\t\t\t\t\t\t\t\t\t\t\t\t\t<\/div>\n\t\t\t\t<\/div>\n\t\t\t\t<\/div>\n\t\t\t\t<\/div>\n\t\t<div class=\"elementor-element elementor-element-5d53019 e-con-full e-flex e-con e-parent\" data-id=\"5d53019\" data-element_type=\"container\" data-e-type=\"container\">\n\t\t\t\t<div class=\"elementor-element elementor-element-606c625 elementor-widget elementor-widget-archidex_parallax_image\" data-id=\"606c625\" data-element_type=\"widget\" data-e-type=\"widget\" data-widget_type=\"archidex_parallax_image.default\">\n\t\t\t\t<div class=\"elementor-widget-container\">\n\t\t\t\t\t\r\n\t\t\t\r\n\t\t\t\t<div class=\"expertise__media rr-ov-hidden\">\r\n\t\t\t\t\t<img decoding=\"async\" data-speed=\"0.3\" src=\"https:\/\/mahal.com.tr\/wp-content\/uploads\/2025\/11\/about-3.jpg\" alt=\"\">\r\n\t\t\t\t<\/div>\r\n\r\n\t\t\t\r\n\t\t\t\t\t\t<\/div>\n\t\t\t\t<\/div>\n\t\t\t\t<\/div>\n\t\t\t\t<\/div>\n\t\t","protected":false},"excerpt":{"rendered":"<p>\u0130nsanlar\u0131 ve mekanlar\u0131 birbirine ba\u011flayan Mahal Yap\u0131, bu sorunlar\u0131 \u00e7\u00f6zmenize ve her t\u00fcrl\u00fc in\u015faat projesi i\u00e7in d\u00fcnyan\u0131n en iyi \u00e7\u00f6z\u00fcmlerini geli\u015ftirmenize yard\u0131mc\u0131 olur. \u00dcr\u00fcnlerimiz, tasar\u0131m \u00fczerine odaklanman\u0131z\u0131 ve \u00e7ok \u00e7e\u015fitli teknik sorunlar ve i\u015flevler hakk\u0131nda endi\u015felenmenizi \u00f6nler. Kentsel d\u00f6n\u00fc\u015f\u00fcmde estetik ve g\u00fcveni bir arada sunan, 15 y\u0131l\u0131 a\u015fk\u0131n deneyimiyle binlerce aileye yeni ya\u015fam alanlar\u0131 kazand\u0131ran [&hellip;]<\/p>\n","protected":false},"author":1,"featured_media":0,"parent":0,"menu_order":0,"comment_status":"closed","ping_status":"closed","template":"elementor_header_footer","meta":{"footnotes":""},"class_list":["post-68","page","type-page","status-publish","hentry"],"_links":{"self":[{"href":"https:\/\/mahal.com.tr\/index.php\/wp-json\/wp\/v2\/pages\/68","targetHints":{"allow":["GET"]}}],"collection":[{"href":"https:\/\/mahal.com.tr\/index.php\/wp-json\/wp\/v2\/pages"}],"about":[{"href":"https:\/\/mahal.com.tr\/index.php\/wp-json\/wp\/v2\/types\/page"}],"author":[{"embeddable":true,"href":"https:\/\/mahal.com.tr\/index.php\/wp-json\/wp\/v2\/users\/1"}],"replies":[{"embeddable":true,"href":"https:\/\/mahal.com.tr\/index.php\/wp-json\/wp\/v2\/comments?post=68"}],"version-history":[{"count":14,"href":"https:\/\/mahal.com.tr\/index.php\/wp-json\/wp\/v2\/pages\/68\/revisions"}],"predecessor-version":[{"id":4545,"href":"https:\/\/mahal.com.tr\/index.php\/wp-json\/wp\/v2\/pages\/68\/revisions\/4545"}],"wp:attachment":[{"href":"https:\/\/mahal.com.tr\/index.php\/wp-json\/wp\/v2\/media?parent=68"}],"curies":[{"name":"wp","href":"https:\/\/api.w.org\/{rel}","templated":true}]}}